{"id":12128,"date":"2025-11-01T15:03:45","date_gmt":"2025-11-01T15:03:45","guid":{"rendered":"https:\/\/goldpromosyon.com.tr\/?post_type=product&#038;p=12128"},"modified":"2025-11-01T15:04:33","modified_gmt":"2025-11-01T15:04:33","slug":"addison-300152-siyah-bileklikli-ekstra-kaucuk-kaplamali-mouse-pad-2","status":"publish","type":"product","link":"https:\/\/goldpromosyon.com.tr\/?product=addison-300152-siyah-bileklikli-ekstra-kaucuk-kaplamali-mouse-pad-2","title":{"rendered":"Addison 300152 Siyah Bileklikli Ekstra Kau\u00e7uk Kaplamal\u0131 Mouse Pad"},"content":{"rendered":"<table>\n<tbody>\n<tr>\n<td><strong>A\u00e7\u0131klama<\/strong><\/td>\n<td>Mous Pad<\/td>\n<\/tr>\n<tr>\n<td><strong>Boyut<\/strong><\/td>\n<td>20*24 cm<\/td>\n<\/tr>\n<tr>\n<td><strong>Bilek Deste\u011fi<\/strong><\/td>\n<td>\u00a0VAR<\/td>\n<\/tr>\n<\/tbody>\n<\/table>\n","protected":false},"excerpt":{"rendered":"<p>A\u00e7\u0131klama Mous Pad Boyut 20*24 cm Bilek Deste\u011fi \u00a0VAR<\/p>\n","protected":false},"featured_media":12131,"comment_status":"open","ping_status":"closed","template":"","meta":[],"product_cat":[136,152],"product_tag":[],"class_list":{"0":"post-12128","1":"product","2":"type-product","3":"status-publish","4":"has-post-thumbnail","6":"product_cat-mouse-pad","7":"product_cat-teknoloji","9":"first","10":"instock","11":"shipping-taxable","12":"product-type-simple"},"_links":{"self":[{"href":"https:\/\/goldpromosyon.com.tr\/index.php?rest_route=\/wp\/v2\/product\/12128","targetHints":{"allow":["GET"]}}],"collection":[{"href":"https:\/\/goldpromosyon.com.tr\/index.php?rest_route=\/wp\/v2\/product"}],"about":[{"href":"https:\/\/goldpromosyon.com.tr\/index.php?rest_route=\/wp\/v2\/types\/product"}],"replies":[{"embeddable":true,"href":"https:\/\/goldpromosyon.com.tr\/index.php?rest_route=%2Fwp%2Fv2%2Fcomments&post=12128"}],"version-history":[{"count":1,"href":"https:\/\/goldpromosyon.com.tr\/index.php?rest_route=\/wp\/v2\/product\/12128\/revisions"}],"predecessor-version":[{"id":12132,"href":"https:\/\/goldpromosyon.com.tr\/index.php?rest_route=\/wp\/v2\/product\/12128\/revisions\/12132"}],"wp:featuredmedia":[{"embeddable":true,"href":"https:\/\/goldpromosyon.com.tr\/index.php?rest_route=\/wp\/v2\/media\/12131"}],"wp:attachment":[{"href":"https:\/\/goldpromosyon.com.tr\/index.php?rest_route=%2Fwp%2Fv2%2Fmedia&parent=12128"}],"wp:term":[{"taxonomy":"product_cat","embeddable":true,"href":"https:\/\/goldpromosyon.com.tr\/index.php?rest_route=%2Fwp%2Fv2%2Fproduct_cat&post=12128"},{"taxonomy":"product_tag","embeddable":true,"href":"https:\/\/goldpromosyon.com.tr\/index.php?rest_route=%2Fwp%2Fv2%2Fproduct_tag&post=12128"}],"curies":[{"name":"wp","href":"https:\/\/api.w.org\/{rel}","templated":true}]}}