{"id":11511,"date":"2024-09-30T06:55:25","date_gmt":"2024-09-30T06:55:25","guid":{"rendered":"https:\/\/goldpromosyon.com.tr\/?post_type=product&#038;p=11511"},"modified":"2024-09-30T06:56:09","modified_gmt":"2024-09-30T06:56:09","slug":"isikli-logo-ozellikli-ozel-cantali-sarj-kablosu-3-uclu-2","status":"publish","type":"product","link":"https:\/\/goldpromosyon.com.tr\/?product=isikli-logo-ozellikli-ozel-cantali-sarj-kablosu-3-uclu-2","title":{"rendered":"I\u015f\u0131kl\u0131 Logo \u00f6zellikli \u00d6zel \u00c7antal\u0131 \u015earj Kablosu 3 U\u00e7lu"},"content":{"rendered":"","protected":false},"excerpt":{"rendered":"","protected":false},"featured_media":11509,"comment_status":"open","ping_status":"closed","template":"","meta":[],"product_cat":[141,152],"product_tag":[],"class_list":{"0":"post-11511","1":"product","2":"type-product","3":"status-publish","4":"has-post-thumbnail","6":"product_cat-en-cok-tercih-edilen-teknoloji-urunleri","7":"product_cat-teknoloji","9":"first","10":"instock","11":"shipping-taxable","12":"purchasable","13":"product-type-variable"},"_links":{"self":[{"href":"https:\/\/goldpromosyon.com.tr\/index.php?rest_route=\/wp\/v2\/product\/11511","targetHints":{"allow":["GET"]}}],"collection":[{"href":"https:\/\/goldpromosyon.com.tr\/index.php?rest_route=\/wp\/v2\/product"}],"about":[{"href":"https:\/\/goldpromosyon.com.tr\/index.php?rest_route=\/wp\/v2\/types\/product"}],"replies":[{"embeddable":true,"href":"https:\/\/goldpromosyon.com.tr\/index.php?rest_route=%2Fwp%2Fv2%2Fcomments&post=11511"}],"version-history":[{"count":1,"href":"https:\/\/goldpromosyon.com.tr\/index.php?rest_route=\/wp\/v2\/product\/11511\/revisions"}],"predecessor-version":[{"id":11517,"href":"https:\/\/goldpromosyon.com.tr\/index.php?rest_route=\/wp\/v2\/product\/11511\/revisions\/11517"}],"wp:featuredmedia":[{"embeddable":true,"href":"https:\/\/goldpromosyon.com.tr\/index.php?rest_route=\/wp\/v2\/media\/11509"}],"wp:attachment":[{"href":"https:\/\/goldpromosyon.com.tr\/index.php?rest_route=%2Fwp%2Fv2%2Fmedia&parent=11511"}],"wp:term":[{"taxonomy":"product_cat","embeddable":true,"href":"https:\/\/goldpromosyon.com.tr\/index.php?rest_route=%2Fwp%2Fv2%2Fproduct_cat&post=11511"},{"taxonomy":"product_tag","embeddable":true,"href":"https:\/\/goldpromosyon.com.tr\/index.php?rest_route=%2Fwp%2Fv2%2Fproduct_tag&post=11511"}],"curies":[{"name":"wp","href":"https:\/\/api.w.org\/{rel}","templated":true}]}}