{"id":11318,"date":"2024-09-29T06:18:13","date_gmt":"2024-09-29T06:18:13","guid":{"rendered":"https:\/\/goldpromosyon.com.tr\/?post_type=product&#038;p=11318"},"modified":"2024-09-29T06:18:43","modified_gmt":"2024-09-29T06:18:43","slug":"3-iplik-kaliteli-kapusonlu-fermuarli-sweatshirt","status":"publish","type":"product","link":"https:\/\/goldpromosyon.com.tr\/?product=3-iplik-kaliteli-kapusonlu-fermuarli-sweatshirt","title":{"rendered":"3 \u0130plik Kaliteli Kap\u00fc\u015fonlu Fermuarl\u0131 Sweatshirt"},"content":{"rendered":"","protected":false},"excerpt":{"rendered":"","protected":false},"featured_media":11319,"comment_status":"open","ping_status":"closed","template":"","meta":[],"product_cat":[130],"product_tag":[],"class_list":{"0":"post-11318","1":"product","2":"type-product","3":"status-publish","4":"has-post-thumbnail","6":"product_cat-tekstil","8":"first","9":"instock","10":"shipping-taxable","11":"product-type-simple"},"_links":{"self":[{"href":"https:\/\/goldpromosyon.com.tr\/index.php?rest_route=\/wp\/v2\/product\/11318","targetHints":{"allow":["GET"]}}],"collection":[{"href":"https:\/\/goldpromosyon.com.tr\/index.php?rest_route=\/wp\/v2\/product"}],"about":[{"href":"https:\/\/goldpromosyon.com.tr\/index.php?rest_route=\/wp\/v2\/types\/product"}],"replies":[{"embeddable":true,"href":"https:\/\/goldpromosyon.com.tr\/index.php?rest_route=%2Fwp%2Fv2%2Fcomments&post=11318"}],"version-history":[{"count":1,"href":"https:\/\/goldpromosyon.com.tr\/index.php?rest_route=\/wp\/v2\/product\/11318\/revisions"}],"predecessor-version":[{"id":11320,"href":"https:\/\/goldpromosyon.com.tr\/index.php?rest_route=\/wp\/v2\/product\/11318\/revisions\/11320"}],"wp:featuredmedia":[{"embeddable":true,"href":"https:\/\/goldpromosyon.com.tr\/index.php?rest_route=\/wp\/v2\/media\/11319"}],"wp:attachment":[{"href":"https:\/\/goldpromosyon.com.tr\/index.php?rest_route=%2Fwp%2Fv2%2Fmedia&parent=11318"}],"wp:term":[{"taxonomy":"product_cat","embeddable":true,"href":"https:\/\/goldpromosyon.com.tr\/index.php?rest_route=%2Fwp%2Fv2%2Fproduct_cat&post=11318"},{"taxonomy":"product_tag","embeddable":true,"href":"https:\/\/goldpromosyon.com.tr\/index.php?rest_route=%2Fwp%2Fv2%2Fproduct_tag&post=11318"}],"curies":[{"name":"wp","href":"https:\/\/api.w.org\/{rel}","templated":true}]}}