{"id":11297,"date":"2024-09-29T06:02:48","date_gmt":"2024-09-29T06:02:48","guid":{"rendered":"https:\/\/goldpromosyon.com.tr\/?post_type=product&#038;p=11297"},"modified":"2024-09-29T06:04:12","modified_gmt":"2024-09-29T06:04:12","slug":"5-panel-2-kus-gozlu-polyester-sapka","status":"publish","type":"product","link":"https:\/\/goldpromosyon.com.tr\/?product=5-panel-2-kus-gozlu-polyester-sapka","title":{"rendered":"5 Panel 2 Ku\u015f G\u00f6zl\u00fc Polyester \u015eapka"},"content":{"rendered":"","protected":false},"excerpt":{"rendered":"","protected":false},"featured_media":11302,"comment_status":"open","ping_status":"closed","template":"","meta":[],"product_cat":[130],"product_tag":[],"class_list":{"0":"post-11297","1":"product","2":"type-product","3":"status-publish","4":"has-post-thumbnail","6":"product_cat-tekstil","8":"first","9":"instock","10":"shipping-taxable","11":"product-type-simple"},"_links":{"self":[{"href":"https:\/\/goldpromosyon.com.tr\/index.php?rest_route=\/wp\/v2\/product\/11297","targetHints":{"allow":["GET"]}}],"collection":[{"href":"https:\/\/goldpromosyon.com.tr\/index.php?rest_route=\/wp\/v2\/product"}],"about":[{"href":"https:\/\/goldpromosyon.com.tr\/index.php?rest_route=\/wp\/v2\/types\/product"}],"replies":[{"embeddable":true,"href":"https:\/\/goldpromosyon.com.tr\/index.php?rest_route=%2Fwp%2Fv2%2Fcomments&post=11297"}],"version-history":[{"count":2,"href":"https:\/\/goldpromosyon.com.tr\/index.php?rest_route=\/wp\/v2\/product\/11297\/revisions"}],"predecessor-version":[{"id":11304,"href":"https:\/\/goldpromosyon.com.tr\/index.php?rest_route=\/wp\/v2\/product\/11297\/revisions\/11304"}],"wp:featuredmedia":[{"embeddable":true,"href":"https:\/\/goldpromosyon.com.tr\/index.php?rest_route=\/wp\/v2\/media\/11302"}],"wp:attachment":[{"href":"https:\/\/goldpromosyon.com.tr\/index.php?rest_route=%2Fwp%2Fv2%2Fmedia&parent=11297"}],"wp:term":[{"taxonomy":"product_cat","embeddable":true,"href":"https:\/\/goldpromosyon.com.tr\/index.php?rest_route=%2Fwp%2Fv2%2Fproduct_cat&post=11297"},{"taxonomy":"product_tag","embeddable":true,"href":"https:\/\/goldpromosyon.com.tr\/index.php?rest_route=%2Fwp%2Fv2%2Fproduct_tag&post=11297"}],"curies":[{"name":"wp","href":"https:\/\/api.w.org\/{rel}","templated":true}]}}