{"id":11259,"date":"2024-09-29T05:56:03","date_gmt":"2024-09-29T05:56:03","guid":{"rendered":"https:\/\/goldpromosyon.com.tr\/?post_type=product&#038;p=11259"},"modified":"2024-09-29T05:56:47","modified_gmt":"2024-09-29T05:56:47","slug":"ahsap-sapli-10-telli-protokol-semsiye","status":"publish","type":"product","link":"https:\/\/goldpromosyon.com.tr\/?product=ahsap-sapli-10-telli-protokol-semsiye","title":{"rendered":"Ah\u015fap Sapl\u0131 10 Telli Protokol \u015eemsiye"},"content":{"rendered":"<div class=\"list-type-2-item\">\n<div class=\"list-type-2-item-label\">Malzeme: Plastik\/Aluminyum<\/div>\n<\/div>\n<div class=\"list-type-2-item\">\n<div class=\"list-type-2-item-label\">Sap: Plastik<\/div>\n<\/div>\n<div class=\"list-type-2-item\">\n<div class=\"list-type-2-item-label\">Panel Say\u0131s\u0131: 8<\/div>\n<\/div>\n<div class=\"list-type-2-item\">\n<div class=\"list-type-2-item-label\">Mekanizma: S\u00fcspansiyonlu<\/div>\n<\/div>\n","protected":false},"excerpt":{"rendered":"<p>Malzeme: Plastik\/Aluminyum Sap: Plastik Panel Say\u0131s\u0131: 8 Mekanizma: S\u00fcspansiyonlu<\/p>\n","protected":false},"featured_media":11275,"comment_status":"open","ping_status":"closed","template":"","meta":[],"product_cat":[100],"product_tag":[],"class_list":{"0":"post-11259","1":"product","2":"type-product","3":"status-publish","4":"has-post-thumbnail","6":"product_cat-semsiye","8":"first","9":"instock","10":"shipping-taxable","11":"purchasable","12":"product-type-variable"},"_links":{"self":[{"href":"https:\/\/goldpromosyon.com.tr\/index.php?rest_route=\/wp\/v2\/product\/11259","targetHints":{"allow":["GET"]}}],"collection":[{"href":"https:\/\/goldpromosyon.com.tr\/index.php?rest_route=\/wp\/v2\/product"}],"about":[{"href":"https:\/\/goldpromosyon.com.tr\/index.php?rest_route=\/wp\/v2\/types\/product"}],"replies":[{"embeddable":true,"href":"https:\/\/goldpromosyon.com.tr\/index.php?rest_route=%2Fwp%2Fv2%2Fcomments&post=11259"}],"version-history":[{"count":2,"href":"https:\/\/goldpromosyon.com.tr\/index.php?rest_route=\/wp\/v2\/product\/11259\/revisions"}],"predecessor-version":[{"id":11278,"href":"https:\/\/goldpromosyon.com.tr\/index.php?rest_route=\/wp\/v2\/product\/11259\/revisions\/11278"}],"wp:featuredmedia":[{"embeddable":true,"href":"https:\/\/goldpromosyon.com.tr\/index.php?rest_route=\/wp\/v2\/media\/11275"}],"wp:attachment":[{"href":"https:\/\/goldpromosyon.com.tr\/index.php?rest_route=%2Fwp%2Fv2%2Fmedia&parent=11259"}],"wp:term":[{"taxonomy":"product_cat","embeddable":true,"href":"https:\/\/goldpromosyon.com.tr\/index.php?rest_route=%2Fwp%2Fv2%2Fproduct_cat&post=11259"},{"taxonomy":"product_tag","embeddable":true,"href":"https:\/\/goldpromosyon.com.tr\/index.php?rest_route=%2Fwp%2Fv2%2Fproduct_tag&post=11259"}],"curies":[{"name":"wp","href":"https:\/\/api.w.org\/{rel}","templated":true}]}}