{"id":11182,"date":"2024-09-28T05:56:24","date_gmt":"2024-09-28T05:56:24","guid":{"rendered":"https:\/\/goldpromosyon.com.tr\/?post_type=product&#038;p=11182"},"modified":"2024-09-28T06:04:03","modified_gmt":"2024-09-28T06:04:03","slug":"powerbank-10000-mah-mobil-sarj-cihazi-bluetooth-hoparlor-kopya","status":"publish","type":"product","link":"https:\/\/goldpromosyon.com.tr\/?product=powerbank-10000-mah-mobil-sarj-cihazi-bluetooth-hoparlor-kopya","title":{"rendered":"Powerbank 10000 mAh Mobil \u015earj Cihaz\u0131 &#038; Bluetooth Hoparl\u00f6r"},"content":{"rendered":"<p>Logo bask\u0131l\u0131\u00a0Powerbank 10000 mAh Mobil \u015earj Cihaz\u0131 &amp; Bluetooth Hoparl\u00f6r<\/p>\n","protected":false},"excerpt":{"rendered":"<p>Logo bask\u0131l\u0131\u00a0Powerbank 10000 mAh Mobil \u015earj Cihaz\u0131 &amp; Bluetooth Hoparl\u00f6r<\/p>\n","protected":false},"featured_media":11189,"comment_status":"open","ping_status":"closed","template":"","meta":[],"product_cat":[132,141,152],"product_tag":[],"class_list":{"0":"post-11182","1":"product","2":"type-product","3":"status-publish","4":"has-post-thumbnail","6":"product_cat-bluetooth-kablosuz-kulaklik-hoparlor","7":"product_cat-en-cok-tercih-edilen-teknoloji-urunleri","8":"product_cat-teknoloji","10":"first","11":"instock","12":"shipping-taxable","13":"purchasable","14":"product-type-variable"},"_links":{"self":[{"href":"https:\/\/goldpromosyon.com.tr\/index.php?rest_route=\/wp\/v2\/product\/11182","targetHints":{"allow":["GET"]}}],"collection":[{"href":"https:\/\/goldpromosyon.com.tr\/index.php?rest_route=\/wp\/v2\/product"}],"about":[{"href":"https:\/\/goldpromosyon.com.tr\/index.php?rest_route=\/wp\/v2\/types\/product"}],"replies":[{"embeddable":true,"href":"https:\/\/goldpromosyon.com.tr\/index.php?rest_route=%2Fwp%2Fv2%2Fcomments&post=11182"}],"version-history":[{"count":3,"href":"https:\/\/goldpromosyon.com.tr\/index.php?rest_route=\/wp\/v2\/product\/11182\/revisions"}],"predecessor-version":[{"id":11193,"href":"https:\/\/goldpromosyon.com.tr\/index.php?rest_route=\/wp\/v2\/product\/11182\/revisions\/11193"}],"wp:featuredmedia":[{"embeddable":true,"href":"https:\/\/goldpromosyon.com.tr\/index.php?rest_route=\/wp\/v2\/media\/11189"}],"wp:attachment":[{"href":"https:\/\/goldpromosyon.com.tr\/index.php?rest_route=%2Fwp%2Fv2%2Fmedia&parent=11182"}],"wp:term":[{"taxonomy":"product_cat","embeddable":true,"href":"https:\/\/goldpromosyon.com.tr\/index.php?rest_route=%2Fwp%2Fv2%2Fproduct_cat&post=11182"},{"taxonomy":"product_tag","embeddable":true,"href":"https:\/\/goldpromosyon.com.tr\/index.php?rest_route=%2Fwp%2Fv2%2Fproduct_tag&post=11182"}],"curies":[{"name":"wp","href":"https:\/\/api.w.org\/{rel}","templated":true}]}}