{"id":11176,"date":"2024-09-28T05:55:58","date_gmt":"2024-09-28T05:55:58","guid":{"rendered":"https:\/\/goldpromosyon.com.tr\/?post_type=product&#038;p=11176"},"modified":"2024-09-28T06:03:03","modified_gmt":"2024-09-28T06:03:03","slug":"powerbank-10000-mah-mobil-sarj-cihazi-bluetooth-hoparlor-kopya-2","status":"publish","type":"product","link":"https:\/\/goldpromosyon.com.tr\/?product=powerbank-10000-mah-mobil-sarj-cihazi-bluetooth-hoparlor-kopya-2","title":{"rendered":"Powerbank 10000 mAh Mobil \u015earj Cihaz\u0131 &#038; Bluetooth Hoparl\u00f6r (Kopya)"},"content":{"rendered":"<p>Logo bask\u0131l\u0131\u00a0Powerbank 10000 mAh Mobil \u015earj Cihaz\u0131 &amp; Bluetooth Hoparl\u00f6r<\/p>\n","protected":false},"excerpt":{"rendered":"<p>Logo bask\u0131l\u0131\u00a0Powerbank 10000 mAh Mobil \u015earj Cihaz\u0131 &amp; Bluetooth Hoparl\u00f6r<\/p>\n","protected":false},"featured_media":11173,"comment_status":"open","ping_status":"closed","template":"","meta":[],"product_cat":[141,128,152],"product_tag":[],"class_list":{"0":"post-11176","1":"product","2":"type-product","3":"status-publish","4":"has-post-thumbnail","6":"product_cat-en-cok-tercih-edilen-teknoloji-urunleri","7":"product_cat-power-bank","8":"product_cat-teknoloji","10":"first","11":"instock","12":"shipping-taxable","13":"purchasable","14":"product-type-variable"},"_links":{"self":[{"href":"https:\/\/goldpromosyon.com.tr\/index.php?rest_route=\/wp\/v2\/product\/11176","targetHints":{"allow":["GET"]}}],"collection":[{"href":"https:\/\/goldpromosyon.com.tr\/index.php?rest_route=\/wp\/v2\/product"}],"about":[{"href":"https:\/\/goldpromosyon.com.tr\/index.php?rest_route=\/wp\/v2\/types\/product"}],"replies":[{"embeddable":true,"href":"https:\/\/goldpromosyon.com.tr\/index.php?rest_route=%2Fwp%2Fv2%2Fcomments&post=11176"}],"version-history":[{"count":1,"href":"https:\/\/goldpromosyon.com.tr\/index.php?rest_route=\/wp\/v2\/product\/11176\/revisions"}],"predecessor-version":[{"id":11192,"href":"https:\/\/goldpromosyon.com.tr\/index.php?rest_route=\/wp\/v2\/product\/11176\/revisions\/11192"}],"wp:featuredmedia":[{"embeddable":true,"href":"https:\/\/goldpromosyon.com.tr\/index.php?rest_route=\/wp\/v2\/media\/11173"}],"wp:attachment":[{"href":"https:\/\/goldpromosyon.com.tr\/index.php?rest_route=%2Fwp%2Fv2%2Fmedia&parent=11176"}],"wp:term":[{"taxonomy":"product_cat","embeddable":true,"href":"https:\/\/goldpromosyon.com.tr\/index.php?rest_route=%2Fwp%2Fv2%2Fproduct_cat&post=11176"},{"taxonomy":"product_tag","embeddable":true,"href":"https:\/\/goldpromosyon.com.tr\/index.php?rest_route=%2Fwp%2Fv2%2Fproduct_tag&post=11176"}],"curies":[{"name":"wp","href":"https:\/\/api.w.org\/{rel}","templated":true}]}}