{"id":11159,"date":"2024-09-28T05:49:11","date_gmt":"2024-09-28T05:49:11","guid":{"rendered":"https:\/\/goldpromosyon.com.tr\/?post_type=product&#038;p=11159"},"modified":"2024-09-28T05:50:54","modified_gmt":"2024-09-28T05:50:54","slug":"led-isikli-logo-bluetooth-hoparlor","status":"publish","type":"product","link":"https:\/\/goldpromosyon.com.tr\/?product=led-isikli-logo-bluetooth-hoparlor","title":{"rendered":"Led I\u015f\u0131kl\u0131 Logo Bluetooth Hoparl\u00f6r"},"content":{"rendered":"","protected":false},"excerpt":{"rendered":"","protected":false},"featured_media":11165,"comment_status":"open","ping_status":"closed","template":"","meta":[],"product_cat":[132,141,152],"product_tag":[],"class_list":{"0":"post-11159","1":"product","2":"type-product","3":"status-publish","4":"has-post-thumbnail","6":"product_cat-bluetooth-kablosuz-kulaklik-hoparlor","7":"product_cat-en-cok-tercih-edilen-teknoloji-urunleri","8":"product_cat-teknoloji","10":"first","11":"instock","12":"shipping-taxable","13":"purchasable","14":"product-type-variable"},"_links":{"self":[{"href":"https:\/\/goldpromosyon.com.tr\/index.php?rest_route=\/wp\/v2\/product\/11159","targetHints":{"allow":["GET"]}}],"collection":[{"href":"https:\/\/goldpromosyon.com.tr\/index.php?rest_route=\/wp\/v2\/product"}],"about":[{"href":"https:\/\/goldpromosyon.com.tr\/index.php?rest_route=\/wp\/v2\/types\/product"}],"replies":[{"embeddable":true,"href":"https:\/\/goldpromosyon.com.tr\/index.php?rest_route=%2Fwp%2Fv2%2Fcomments&post=11159"}],"version-history":[{"count":1,"href":"https:\/\/goldpromosyon.com.tr\/index.php?rest_route=\/wp\/v2\/product\/11159\/revisions"}],"predecessor-version":[{"id":11166,"href":"https:\/\/goldpromosyon.com.tr\/index.php?rest_route=\/wp\/v2\/product\/11159\/revisions\/11166"}],"wp:featuredmedia":[{"embeddable":true,"href":"https:\/\/goldpromosyon.com.tr\/index.php?rest_route=\/wp\/v2\/media\/11165"}],"wp:attachment":[{"href":"https:\/\/goldpromosyon.com.tr\/index.php?rest_route=%2Fwp%2Fv2%2Fmedia&parent=11159"}],"wp:term":[{"taxonomy":"product_cat","embeddable":true,"href":"https:\/\/goldpromosyon.com.tr\/index.php?rest_route=%2Fwp%2Fv2%2Fproduct_cat&post=11159"},{"taxonomy":"product_tag","embeddable":true,"href":"https:\/\/goldpromosyon.com.tr\/index.php?rest_route=%2Fwp%2Fv2%2Fproduct_tag&post=11159"}],"curies":[{"name":"wp","href":"https:\/\/api.w.org\/{rel}","templated":true}]}}