{"id":11108,"date":"2024-09-26T13:52:50","date_gmt":"2024-09-26T13:52:50","guid":{"rendered":"https:\/\/goldpromosyon.com.tr\/?post_type=product&#038;p=11108"},"modified":"2024-09-26T13:54:41","modified_gmt":"2024-09-26T13:54:41","slug":"sunger-bilek-destekli-kaucuk-taban-logo-baskili-mouse-pad","status":"publish","type":"product","link":"https:\/\/goldpromosyon.com.tr\/?product=sunger-bilek-destekli-kaucuk-taban-logo-baskili-mouse-pad","title":{"rendered":"S\u00fcnger Bilek Destekli Kau\u00e7uk Taban Logo Bask\u0131l\u0131 Mouse Pad"},"content":{"rendered":"","protected":false},"excerpt":{"rendered":"","protected":false},"featured_media":11114,"comment_status":"open","ping_status":"closed","template":"","meta":[],"product_cat":[141,136,152],"product_tag":[],"class_list":{"0":"post-11108","1":"product","2":"type-product","3":"status-publish","4":"has-post-thumbnail","6":"product_cat-en-cok-tercih-edilen-teknoloji-urunleri","7":"product_cat-mouse-pad","8":"product_cat-teknoloji","10":"first","11":"instock","12":"shipping-taxable","13":"purchasable","14":"product-type-variable"},"_links":{"self":[{"href":"https:\/\/goldpromosyon.com.tr\/index.php?rest_route=\/wp\/v2\/product\/11108","targetHints":{"allow":["GET"]}}],"collection":[{"href":"https:\/\/goldpromosyon.com.tr\/index.php?rest_route=\/wp\/v2\/product"}],"about":[{"href":"https:\/\/goldpromosyon.com.tr\/index.php?rest_route=\/wp\/v2\/types\/product"}],"replies":[{"embeddable":true,"href":"https:\/\/goldpromosyon.com.tr\/index.php?rest_route=%2Fwp%2Fv2%2Fcomments&post=11108"}],"version-history":[{"count":1,"href":"https:\/\/goldpromosyon.com.tr\/index.php?rest_route=\/wp\/v2\/product\/11108\/revisions"}],"predecessor-version":[{"id":11115,"href":"https:\/\/goldpromosyon.com.tr\/index.php?rest_route=\/wp\/v2\/product\/11108\/revisions\/11115"}],"wp:featuredmedia":[{"embeddable":true,"href":"https:\/\/goldpromosyon.com.tr\/index.php?rest_route=\/wp\/v2\/media\/11114"}],"wp:attachment":[{"href":"https:\/\/goldpromosyon.com.tr\/index.php?rest_route=%2Fwp%2Fv2%2Fmedia&parent=11108"}],"wp:term":[{"taxonomy":"product_cat","embeddable":true,"href":"https:\/\/goldpromosyon.com.tr\/index.php?rest_route=%2Fwp%2Fv2%2Fproduct_cat&post=11108"},{"taxonomy":"product_tag","embeddable":true,"href":"https:\/\/goldpromosyon.com.tr\/index.php?rest_route=%2Fwp%2Fv2%2Fproduct_tag&post=11108"}],"curies":[{"name":"wp","href":"https:\/\/api.w.org\/{rel}","templated":true}]}}