{"id":11091,"date":"2024-09-26T13:43:18","date_gmt":"2024-09-26T13:43:18","guid":{"rendered":"https:\/\/goldpromosyon.com.tr\/?post_type=product&#038;p=11091"},"modified":"2024-09-26T13:50:53","modified_gmt":"2024-09-26T13:50:53","slug":"addison-300152-siyah-bileklikli-ekstra-kaucuk-kaplamali-mouse-pad","status":"publish","type":"product","link":"https:\/\/goldpromosyon.com.tr\/?product=addison-300152-siyah-bileklikli-ekstra-kaucuk-kaplamali-mouse-pad","title":{"rendered":"Addison 300152 Siyah Bileklikli Ekstra Kau\u00e7uk Kaplamal\u0131 Mouse Pad"},"content":{"rendered":"<table>\n<tbody>\n<tr>\n<td><strong>A\u00e7\u0131klama<\/strong><\/td>\n<td>Mous Pad<\/td>\n<\/tr>\n<tr>\n<td><strong>Boyut<\/strong><\/td>\n<td>20*24 cm<\/td>\n<\/tr>\n<tr>\n<td><strong>Bilek Deste\u011fi<\/strong><\/td>\n<td>\u00a0VAR<\/td>\n<\/tr>\n<\/tbody>\n<\/table>\n","protected":false},"excerpt":{"rendered":"<p>A\u00e7\u0131klama Mous Pad Boyut 20*24 cm Bilek Deste\u011fi \u00a0VAR<\/p>\n","protected":false},"featured_media":11097,"comment_status":"open","ping_status":"closed","template":"","meta":[],"product_cat":[141,136,152],"product_tag":[],"class_list":{"0":"post-11091","1":"product","2":"type-product","3":"status-publish","4":"has-post-thumbnail","6":"product_cat-en-cok-tercih-edilen-teknoloji-urunleri","7":"product_cat-mouse-pad","8":"product_cat-teknoloji","10":"first","11":"instock","12":"shipping-taxable","13":"purchasable","14":"product-type-variable"},"_links":{"self":[{"href":"https:\/\/goldpromosyon.com.tr\/index.php?rest_route=\/wp\/v2\/product\/11091","targetHints":{"allow":["GET"]}}],"collection":[{"href":"https:\/\/goldpromosyon.com.tr\/index.php?rest_route=\/wp\/v2\/product"}],"about":[{"href":"https:\/\/goldpromosyon.com.tr\/index.php?rest_route=\/wp\/v2\/types\/product"}],"replies":[{"embeddable":true,"href":"https:\/\/goldpromosyon.com.tr\/index.php?rest_route=%2Fwp%2Fv2%2Fcomments&post=11091"}],"version-history":[{"count":1,"href":"https:\/\/goldpromosyon.com.tr\/index.php?rest_route=\/wp\/v2\/product\/11091\/revisions"}],"predecessor-version":[{"id":11098,"href":"https:\/\/goldpromosyon.com.tr\/index.php?rest_route=\/wp\/v2\/product\/11091\/revisions\/11098"}],"wp:featuredmedia":[{"embeddable":true,"href":"https:\/\/goldpromosyon.com.tr\/index.php?rest_route=\/wp\/v2\/media\/11097"}],"wp:attachment":[{"href":"https:\/\/goldpromosyon.com.tr\/index.php?rest_route=%2Fwp%2Fv2%2Fmedia&parent=11091"}],"wp:term":[{"taxonomy":"product_cat","embeddable":true,"href":"https:\/\/goldpromosyon.com.tr\/index.php?rest_route=%2Fwp%2Fv2%2Fproduct_cat&post=11091"},{"taxonomy":"product_tag","embeddable":true,"href":"https:\/\/goldpromosyon.com.tr\/index.php?rest_route=%2Fwp%2Fv2%2Fproduct_tag&post=11091"}],"curies":[{"name":"wp","href":"https:\/\/api.w.org\/{rel}","templated":true}]}}