{"id":11065,"date":"2024-09-26T05:55:15","date_gmt":"2024-09-26T05:55:15","guid":{"rendered":"https:\/\/goldpromosyon.com.tr\/?post_type=product&#038;p=11065"},"modified":"2024-09-26T05:55:58","modified_gmt":"2024-09-26T05:55:58","slug":"akilli-bileklik-2","status":"publish","type":"product","link":"https:\/\/goldpromosyon.com.tr\/?product=akilli-bileklik-2","title":{"rendered":"Ak\u0131ll\u0131 Bileklik"},"content":{"rendered":"<p>Marka:<br \/>\nPoz\u0131tron<br \/>\nAd\u0131m Sayac\u0131:<br \/>\nVar<br \/>\nAlarm:<br \/>\nVar<br \/>\nArayan Kimli\u011fi:<br \/>\nVar<br \/>\nBildirimler:<br \/>\nVar<br \/>\nKalori Hesaplama:<br \/>\nVar<br \/>\nNab\u0131z \u00d6l\u00e7er:<br \/>\nVar<br \/>\nUyku Modu:<br \/>\nVar<br \/>\nMalzeme:<br \/>\nPlastik<\/p>\n","protected":false},"excerpt":{"rendered":"<p>Marka: Poz\u0131tron Ad\u0131m Sayac\u0131: Var Alarm: Var Arayan Kimli\u011fi: Var Bildirimler: Var Kalori Hesaplama: Var Nab\u0131z \u00d6l\u00e7er: Var Uyku Modu:<\/p>\n","protected":false},"featured_media":11063,"comment_status":"open","ping_status":"closed","template":"","meta":[],"product_cat":[141,152],"product_tag":[],"class_list":{"0":"post-11065","1":"product","2":"type-product","3":"status-publish","4":"has-post-thumbnail","6":"product_cat-en-cok-tercih-edilen-teknoloji-urunleri","7":"product_cat-teknoloji","9":"first","10":"instock","11":"shipping-taxable","12":"purchasable","13":"product-type-variable"},"_links":{"self":[{"href":"https:\/\/goldpromosyon.com.tr\/index.php?rest_route=\/wp\/v2\/product\/11065","targetHints":{"allow":["GET"]}}],"collection":[{"href":"https:\/\/goldpromosyon.com.tr\/index.php?rest_route=\/wp\/v2\/product"}],"about":[{"href":"https:\/\/goldpromosyon.com.tr\/index.php?rest_route=\/wp\/v2\/types\/product"}],"replies":[{"embeddable":true,"href":"https:\/\/goldpromosyon.com.tr\/index.php?rest_route=%2Fwp%2Fv2%2Fcomments&post=11065"}],"version-history":[{"count":1,"href":"https:\/\/goldpromosyon.com.tr\/index.php?rest_route=\/wp\/v2\/product\/11065\/revisions"}],"predecessor-version":[{"id":11071,"href":"https:\/\/goldpromosyon.com.tr\/index.php?rest_route=\/wp\/v2\/product\/11065\/revisions\/11071"}],"wp:featuredmedia":[{"embeddable":true,"href":"https:\/\/goldpromosyon.com.tr\/index.php?rest_route=\/wp\/v2\/media\/11063"}],"wp:attachment":[{"href":"https:\/\/goldpromosyon.com.tr\/index.php?rest_route=%2Fwp%2Fv2%2Fmedia&parent=11065"}],"wp:term":[{"taxonomy":"product_cat","embeddable":true,"href":"https:\/\/goldpromosyon.com.tr\/index.php?rest_route=%2Fwp%2Fv2%2Fproduct_cat&post=11065"},{"taxonomy":"product_tag","embeddable":true,"href":"https:\/\/goldpromosyon.com.tr\/index.php?rest_route=%2Fwp%2Fv2%2Fproduct_tag&post=11065"}],"curies":[{"name":"wp","href":"https:\/\/api.w.org\/{rel}","templated":true}]}}