{"id":11040,"date":"2024-09-26T05:46:20","date_gmt":"2024-09-26T05:46:20","guid":{"rendered":"https:\/\/goldpromosyon.com.tr\/?post_type=product&#038;p=11040"},"modified":"2024-09-26T05:47:56","modified_gmt":"2024-09-26T05:47:56","slug":"hytech-hy-x06-mobil-telefon-uyumlu-kulak-ici-mikrofonlu-kulaklik","status":"publish","type":"product","link":"https:\/\/goldpromosyon.com.tr\/?product=hytech-hy-x06-mobil-telefon-uyumlu-kulak-ici-mikrofonlu-kulaklik","title":{"rendered":"Hytech HY-X06 Mobil Telefon Uyumlu Kulak \u0130\u00e7i Mikrofonlu Kulakl\u0131k"},"content":{"rendered":"<p>A\u00e7\u0131klama Kulak \u0130\u00e7i Mikrofonlu Kulakl\u0131k<br \/>\nMarka Hytech<br \/>\nModel HY-X06<br \/>\nRenk Siyah\/K\u0131rm\u0131z\u0131<br \/>\nA\u011f\u0131rl\u0131k 11gr<br \/>\nFrekans Tepkisi 20Hz-20KHz<br \/>\nHoparl\u00f6r \u00c7ap\u0131 10mmm<br \/>\nHoparl\u00f6r Duyarl\u0131l\u0131k 101 \u00b13dB<br \/>\nHoparl\u00f6r Empadisi (Diren\u00e7) 16 ohm \u00b115%<br \/>\nKablo Tipi D\u00fcz-Bant<br \/>\nKablo Uzunlu\u011fu 1.2 metre \u00b10.2m<br \/>\nKanal Yap\u0131s\u0131 2.0 \u00c7ift Kanal (Stereo)<br \/>\nKonnekt\u00f6r 3.5mm AUX Ses Jak\u0131<br \/>\nKutu Boyutu 19mm x 94mm x 166mm<br \/>\nKutu \u0130\u00e7eri\u011fi \u00dcr\u00fcn + Kullanma K\u0131lavuzu<br \/>\nMikrofon duyarl\u0131l\u0131\u011f\u0131 -40dB \u00b15dB<br \/>\nToplam A\u011f\u0131rl\u0131k 35gr<br \/>\nUyumluluk Mobil Telefonlar\/\u00c7o\u011fu M\u00fczik Oynat\u0131c\u0131lar<\/p>\n","protected":false},"excerpt":{"rendered":"<p>A\u00e7\u0131klama Kulak \u0130\u00e7i Mikrofonlu Kulakl\u0131k Marka Hytech Model HY-X06 Renk Siyah\/K\u0131rm\u0131z\u0131 A\u011f\u0131rl\u0131k 11gr Frekans Tepkisi 20Hz-20KHz Hoparl\u00f6r \u00c7ap\u0131 10mmm Hoparl\u00f6r<\/p>\n","protected":false},"featured_media":11046,"comment_status":"open","ping_status":"closed","template":"","meta":[],"product_cat":[141,133,152],"product_tag":[],"class_list":{"0":"post-11040","1":"product","2":"type-product","3":"status-publish","4":"has-post-thumbnail","6":"product_cat-en-cok-tercih-edilen-teknoloji-urunleri","7":"product_cat-kablolu-kulaklik","8":"product_cat-teknoloji","10":"first","11":"instock","12":"shipping-taxable","13":"purchasable","14":"product-type-variable"},"_links":{"self":[{"href":"https:\/\/goldpromosyon.com.tr\/index.php?rest_route=\/wp\/v2\/product\/11040","targetHints":{"allow":["GET"]}}],"collection":[{"href":"https:\/\/goldpromosyon.com.tr\/index.php?rest_route=\/wp\/v2\/product"}],"about":[{"href":"https:\/\/goldpromosyon.com.tr\/index.php?rest_route=\/wp\/v2\/types\/product"}],"replies":[{"embeddable":true,"href":"https:\/\/goldpromosyon.com.tr\/index.php?rest_route=%2Fwp%2Fv2%2Fcomments&post=11040"}],"version-history":[{"count":1,"href":"https:\/\/goldpromosyon.com.tr\/index.php?rest_route=\/wp\/v2\/product\/11040\/revisions"}],"predecessor-version":[{"id":11047,"href":"https:\/\/goldpromosyon.com.tr\/index.php?rest_route=\/wp\/v2\/product\/11040\/revisions\/11047"}],"wp:featuredmedia":[{"embeddable":true,"href":"https:\/\/goldpromosyon.com.tr\/index.php?rest_route=\/wp\/v2\/media\/11046"}],"wp:attachment":[{"href":"https:\/\/goldpromosyon.com.tr\/index.php?rest_route=%2Fwp%2Fv2%2Fmedia&parent=11040"}],"wp:term":[{"taxonomy":"product_cat","embeddable":true,"href":"https:\/\/goldpromosyon.com.tr\/index.php?rest_route=%2Fwp%2Fv2%2Fproduct_cat&post=11040"},{"taxonomy":"product_tag","embeddable":true,"href":"https:\/\/goldpromosyon.com.tr\/index.php?rest_route=%2Fwp%2Fv2%2Fproduct_tag&post=11040"}],"curies":[{"name":"wp","href":"https:\/\/api.w.org\/{rel}","templated":true}]}}