{"id":11032,"date":"2024-09-26T05:42:21","date_gmt":"2024-09-26T05:42:21","guid":{"rendered":"https:\/\/goldpromosyon.com.tr\/?post_type=product&#038;p=11032"},"modified":"2024-09-26T05:45:38","modified_gmt":"2024-09-26T05:45:38","slug":"snopy-sn-x04-epsilon-mobil-telefon-uyumlu-ici-mikrofonlu-kulaklik","status":"publish","type":"product","link":"https:\/\/goldpromosyon.com.tr\/?product=snopy-sn-x04-epsilon-mobil-telefon-uyumlu-ici-mikrofonlu-kulaklik","title":{"rendered":"Snopy SN-X04 EPS\u0130LON Mobil Telefon Uyumlu \u0130\u00e7i Mikrofonlu Kulakl\u0131k"},"content":{"rendered":"<div class=\"list-type-2-item\">\n<div class=\"list-type-2-item-label\">Ba\u011flant\u0131: Bluetooth + Micro SD<\/div>\n<\/div>\n<div class=\"list-type-2-item\">\n<div class=\"list-type-2-item-label\">Pil G\u00fcc\u00fc: 200 mAh<\/div>\n<\/div>\n<div class=\"list-type-2-item\">\n<div class=\"list-type-2-item-label\">\u00dcr\u00fcn \u00d6l\u00e7\u00fcleri: 180 saat<\/div>\n<\/div>\n<div class=\"list-type-2-item\">\n<div class=\"list-type-2-item-label\">Malzeme: Plastik<\/div>\n<\/div>\n","protected":false},"excerpt":{"rendered":"<p>Ba\u011flant\u0131: Bluetooth + Micro SD Pil G\u00fcc\u00fc: 200 mAh \u00dcr\u00fcn \u00d6l\u00e7\u00fcleri: 180 saat Malzeme: Plastik<\/p>\n","protected":false},"featured_media":11038,"comment_status":"open","ping_status":"closed","template":"","meta":[],"product_cat":[141,133,152],"product_tag":[],"class_list":{"0":"post-11032","1":"product","2":"type-product","3":"status-publish","4":"has-post-thumbnail","6":"product_cat-en-cok-tercih-edilen-teknoloji-urunleri","7":"product_cat-kablolu-kulaklik","8":"product_cat-teknoloji","10":"first","11":"instock","12":"shipping-taxable","13":"purchasable","14":"product-type-variable"},"_links":{"self":[{"href":"https:\/\/goldpromosyon.com.tr\/index.php?rest_route=\/wp\/v2\/product\/11032","targetHints":{"allow":["GET"]}}],"collection":[{"href":"https:\/\/goldpromosyon.com.tr\/index.php?rest_route=\/wp\/v2\/product"}],"about":[{"href":"https:\/\/goldpromosyon.com.tr\/index.php?rest_route=\/wp\/v2\/types\/product"}],"replies":[{"embeddable":true,"href":"https:\/\/goldpromosyon.com.tr\/index.php?rest_route=%2Fwp%2Fv2%2Fcomments&post=11032"}],"version-history":[{"count":1,"href":"https:\/\/goldpromosyon.com.tr\/index.php?rest_route=\/wp\/v2\/product\/11032\/revisions"}],"predecessor-version":[{"id":11039,"href":"https:\/\/goldpromosyon.com.tr\/index.php?rest_route=\/wp\/v2\/product\/11032\/revisions\/11039"}],"wp:featuredmedia":[{"embeddable":true,"href":"https:\/\/goldpromosyon.com.tr\/index.php?rest_route=\/wp\/v2\/media\/11038"}],"wp:attachment":[{"href":"https:\/\/goldpromosyon.com.tr\/index.php?rest_route=%2Fwp%2Fv2%2Fmedia&parent=11032"}],"wp:term":[{"taxonomy":"product_cat","embeddable":true,"href":"https:\/\/goldpromosyon.com.tr\/index.php?rest_route=%2Fwp%2Fv2%2Fproduct_cat&post=11032"},{"taxonomy":"product_tag","embeddable":true,"href":"https:\/\/goldpromosyon.com.tr\/index.php?rest_route=%2Fwp%2Fv2%2Fproduct_tag&post=11032"}],"curies":[{"name":"wp","href":"https:\/\/api.w.org\/{rel}","templated":true}]}}