{"id":11013,"date":"2024-09-26T05:34:15","date_gmt":"2024-09-26T05:34:15","guid":{"rendered":"https:\/\/goldpromosyon.com.tr\/?post_type=product&#038;p=11013"},"modified":"2024-09-26T05:39:24","modified_gmt":"2024-09-26T05:39:24","slug":"bluetooth-kulaklik","status":"publish","type":"product","link":"https:\/\/goldpromosyon.com.tr\/?product=bluetooth-kulaklik","title":{"rendered":"Bluetooth Kulakl\u0131k"},"content":{"rendered":"<div class=\"list-type-2-item\">\n<div class=\"list-type-2-item-label\">Ba\u011flant\u0131: Bluetooth + Micro SD<\/div>\n<\/div>\n<div class=\"list-type-2-item\">\n<div class=\"list-type-2-item-label\">Pil G\u00fcc\u00fc: 200 mAh<\/div>\n<\/div>\n<div class=\"list-type-2-item\">\n<div class=\"list-type-2-item-label\">\u00dcr\u00fcn \u00d6l\u00e7\u00fcleri: 180 saat<\/div>\n<\/div>\n<div class=\"list-type-2-item\">\n<div class=\"list-type-2-item-label\">Malzeme: Plastik<\/div>\n<\/div>\n","protected":false},"excerpt":{"rendered":"<p>Ba\u011flant\u0131: Bluetooth + Micro SD Pil G\u00fcc\u00fc: 200 mAh \u00dcr\u00fcn \u00d6l\u00e7\u00fcleri: 180 saat Malzeme: Plastik<\/p>\n","protected":false},"featured_media":11020,"comment_status":"open","ping_status":"closed","template":"","meta":[],"product_cat":[132,152],"product_tag":[],"class_list":{"0":"post-11013","1":"product","2":"type-product","3":"status-publish","4":"has-post-thumbnail","6":"product_cat-bluetooth-kablosuz-kulaklik-hoparlor","7":"product_cat-teknoloji","9":"first","10":"instock","11":"shipping-taxable","12":"purchasable","13":"product-type-variable"},"_links":{"self":[{"href":"https:\/\/goldpromosyon.com.tr\/index.php?rest_route=\/wp\/v2\/product\/11013","targetHints":{"allow":["GET"]}}],"collection":[{"href":"https:\/\/goldpromosyon.com.tr\/index.php?rest_route=\/wp\/v2\/product"}],"about":[{"href":"https:\/\/goldpromosyon.com.tr\/index.php?rest_route=\/wp\/v2\/types\/product"}],"replies":[{"embeddable":true,"href":"https:\/\/goldpromosyon.com.tr\/index.php?rest_route=%2Fwp%2Fv2%2Fcomments&post=11013"}],"version-history":[{"count":1,"href":"https:\/\/goldpromosyon.com.tr\/index.php?rest_route=\/wp\/v2\/product\/11013\/revisions"}],"predecessor-version":[{"id":11023,"href":"https:\/\/goldpromosyon.com.tr\/index.php?rest_route=\/wp\/v2\/product\/11013\/revisions\/11023"}],"wp:featuredmedia":[{"embeddable":true,"href":"https:\/\/goldpromosyon.com.tr\/index.php?rest_route=\/wp\/v2\/media\/11020"}],"wp:attachment":[{"href":"https:\/\/goldpromosyon.com.tr\/index.php?rest_route=%2Fwp%2Fv2%2Fmedia&parent=11013"}],"wp:term":[{"taxonomy":"product_cat","embeddable":true,"href":"https:\/\/goldpromosyon.com.tr\/index.php?rest_route=%2Fwp%2Fv2%2Fproduct_cat&post=11013"},{"taxonomy":"product_tag","embeddable":true,"href":"https:\/\/goldpromosyon.com.tr\/index.php?rest_route=%2Fwp%2Fv2%2Fproduct_tag&post=11013"}],"curies":[{"name":"wp","href":"https:\/\/api.w.org\/{rel}","templated":true}]}}