{"id":10992,"date":"2024-09-26T05:33:59","date_gmt":"2024-09-26T05:33:59","guid":{"rendered":"https:\/\/goldpromosyon.com.tr\/?post_type=product&#038;p=10992"},"modified":"2024-09-26T05:35:04","modified_gmt":"2024-09-26T05:35:04","slug":"500ml-kilifli-geri-donusturulmus-cam-su-sisesi-2","status":"publish","type":"product","link":"https:\/\/goldpromosyon.com.tr\/?product=500ml-kilifli-geri-donusturulmus-cam-su-sisesi-2","title":{"rendered":"500ml K\u0131l\u0131fl\u0131 Geri D\u00f6n\u00fc\u015ft\u00fcr\u00fclm\u00fc\u015f Cam Su \u015ei\u015fesi"},"content":{"rendered":"<p>Cam mataralarda uzun s\u00fcreli kullan\u0131m\u00a0 i\u00e7in\u00a0 elde y\u0131kama \u00f6nerilir. Logo\u00a0 bask\u0131l\u0131 \u00fcr\u00fcnler bula\u015f\u0131k makinas\u0131nda y\u0131kamaya uygun de\u011fildir.<\/p>\n<p>Neopren k\u0131l\u0131fl\u0131\u00a0ve silikon ask\u0131l\u0131 PP kapakl\u0131 geri d\u00f6n\u00fc\u015ft\u00fcr\u00fclm\u00fc\u015f cam \u015fi\u015fe. S\u0131z\u0131nt\u0131 yapmaz. Kapasite: 500 ml.<\/p>\n<p>Hacim: 500\u00a0ml<\/p>\n<p>Boyut: 22,5\u00a0x 6 cm<\/p>\n<p>Bask\u0131 Teknikleri: Bask\u0131s\u0131z, Tampon Bask\u0131, UV Bask\u0131<\/p>\n<p>Koli \u0130\u00e7i Adet: 50<\/p>\n<p>Koli Boyutu: 37,5 x 37,5\u00a0x 48,5 cm<\/p>\n<p>Koli A\u011f\u0131rl\u0131k: 17\u00a0kg<\/p>\n","protected":false},"excerpt":{"rendered":"<p>Cam mataralarda uzun s\u00fcreli kullan\u0131m\u00a0 i\u00e7in\u00a0 elde y\u0131kama \u00f6nerilir. Logo\u00a0 bask\u0131l\u0131 \u00fcr\u00fcnler bula\u015f\u0131k makinas\u0131nda y\u0131kamaya uygun de\u011fildir. Neopren k\u0131l\u0131fl\u0131\u00a0ve silikon<\/p>\n","protected":false},"featured_media":10760,"comment_status":"open","ping_status":"closed","template":"","meta":[],"product_cat":[90],"product_tag":[],"class_list":{"0":"post-10992","1":"product","2":"type-product","3":"status-publish","4":"has-post-thumbnail","6":"product_cat-termos","8":"first","9":"instock","10":"shipping-taxable","11":"purchasable","12":"product-type-variable"},"_links":{"self":[{"href":"https:\/\/goldpromosyon.com.tr\/index.php?rest_route=\/wp\/v2\/product\/10992","targetHints":{"allow":["GET"]}}],"collection":[{"href":"https:\/\/goldpromosyon.com.tr\/index.php?rest_route=\/wp\/v2\/product"}],"about":[{"href":"https:\/\/goldpromosyon.com.tr\/index.php?rest_route=\/wp\/v2\/types\/product"}],"replies":[{"embeddable":true,"href":"https:\/\/goldpromosyon.com.tr\/index.php?rest_route=%2Fwp%2Fv2%2Fcomments&post=10992"}],"version-history":[{"count":1,"href":"https:\/\/goldpromosyon.com.tr\/index.php?rest_route=\/wp\/v2\/product\/10992\/revisions"}],"predecessor-version":[{"id":11019,"href":"https:\/\/goldpromosyon.com.tr\/index.php?rest_route=\/wp\/v2\/product\/10992\/revisions\/11019"}],"wp:featuredmedia":[{"embeddable":true,"href":"https:\/\/goldpromosyon.com.tr\/index.php?rest_route=\/wp\/v2\/media\/10760"}],"wp:attachment":[{"href":"https:\/\/goldpromosyon.com.tr\/index.php?rest_route=%2Fwp%2Fv2%2Fmedia&parent=10992"}],"wp:term":[{"taxonomy":"product_cat","embeddable":true,"href":"https:\/\/goldpromosyon.com.tr\/index.php?rest_route=%2Fwp%2Fv2%2Fproduct_cat&post=10992"},{"taxonomy":"product_tag","embeddable":true,"href":"https:\/\/goldpromosyon.com.tr\/index.php?rest_route=%2Fwp%2Fv2%2Fproduct_tag&post=10992"}],"curies":[{"name":"wp","href":"https:\/\/api.w.org\/{rel}","templated":true}]}}