{"id":10818,"date":"2024-09-25T06:25:46","date_gmt":"2024-09-25T06:25:46","guid":{"rendered":"https:\/\/goldpromosyon.com.tr\/?post_type=product&#038;p=10818"},"modified":"2024-09-25T06:28:04","modified_gmt":"2024-09-25T06:28:04","slug":"680-ml-emzikli-matara","status":"publish","type":"product","link":"https:\/\/goldpromosyon.com.tr\/?product=680-ml-emzikli-matara","title":{"rendered":"680 ML Emzikli Matara"},"content":{"rendered":"<p>Logo Bask\u0131l\u0131 promosyon termoslar, imaj ve pop\u00fclerlik \u00fczerinde kal\u0131c\u0131 bir etkiye sahip olduklar\u0131 i\u00e7in son y\u0131llar\u0131nda en \u00e7ok tercih edilen promosyon \u00fcr\u00fcnlerinden bir tanesidir.<\/p>\n","protected":false},"excerpt":{"rendered":"<p>Logo Bask\u0131l\u0131 promosyon termoslar, imaj ve pop\u00fclerlik \u00fczerinde kal\u0131c\u0131 bir etkiye sahip olduklar\u0131 i\u00e7in son y\u0131llar\u0131nda en \u00e7ok tercih edilen<\/p>\n","protected":false},"featured_media":10839,"comment_status":"open","ping_status":"closed","template":"","meta":[],"product_cat":[90],"product_tag":[],"class_list":{"0":"post-10818","1":"product","2":"type-product","3":"status-publish","4":"has-post-thumbnail","6":"product_cat-termos","8":"first","9":"instock","10":"shipping-taxable","11":"purchasable","12":"product-type-variable"},"_links":{"self":[{"href":"https:\/\/goldpromosyon.com.tr\/index.php?rest_route=\/wp\/v2\/product\/10818","targetHints":{"allow":["GET"]}}],"collection":[{"href":"https:\/\/goldpromosyon.com.tr\/index.php?rest_route=\/wp\/v2\/product"}],"about":[{"href":"https:\/\/goldpromosyon.com.tr\/index.php?rest_route=\/wp\/v2\/types\/product"}],"replies":[{"embeddable":true,"href":"https:\/\/goldpromosyon.com.tr\/index.php?rest_route=%2Fwp%2Fv2%2Fcomments&post=10818"}],"version-history":[{"count":1,"href":"https:\/\/goldpromosyon.com.tr\/index.php?rest_route=\/wp\/v2\/product\/10818\/revisions"}],"predecessor-version":[{"id":10840,"href":"https:\/\/goldpromosyon.com.tr\/index.php?rest_route=\/wp\/v2\/product\/10818\/revisions\/10840"}],"wp:featuredmedia":[{"embeddable":true,"href":"https:\/\/goldpromosyon.com.tr\/index.php?rest_route=\/wp\/v2\/media\/10839"}],"wp:attachment":[{"href":"https:\/\/goldpromosyon.com.tr\/index.php?rest_route=%2Fwp%2Fv2%2Fmedia&parent=10818"}],"wp:term":[{"taxonomy":"product_cat","embeddable":true,"href":"https:\/\/goldpromosyon.com.tr\/index.php?rest_route=%2Fwp%2Fv2%2Fproduct_cat&post=10818"},{"taxonomy":"product_tag","embeddable":true,"href":"https:\/\/goldpromosyon.com.tr\/index.php?rest_route=%2Fwp%2Fv2%2Fproduct_tag&post=10818"}],"curies":[{"name":"wp","href":"https:\/\/api.w.org\/{rel}","templated":true}]}}