{"id":10462,"date":"2024-09-24T06:02:35","date_gmt":"2024-09-24T06:02:35","guid":{"rendered":"https:\/\/goldpromosyon.com.tr\/?post_type=product&#038;p=10462"},"modified":"2024-09-24T06:03:41","modified_gmt":"2024-09-24T06:03:41","slug":"4-gb-doner-baslikli-usb-metal-usb-bellek","status":"publish","type":"product","link":"https:\/\/goldpromosyon.com.tr\/?product=4-gb-doner-baslikli-usb-metal-usb-bellek","title":{"rendered":"4 GB D\u00f6ner Ba\u015fl\u0131kl\u0131 USB Metal USB Bellek"},"content":{"rendered":"<p>Logo Bask\u0131l\u0131 Promosyon USB Bellek&#8217;ler \u015firketinizin ad\u0131n\u0131 tan\u0131tmaya veya marka bilinirli\u011fi olu\u015fturmaya yard\u0131mc\u0131 olmak i\u00e7in en \u00f6nemli promosyon \u00fcr\u00fcnlerinden bir tanesidir.<\/p>\n<p>Firma logo bask\u0131l\u0131 usb bellek&#8217;ler promosyon sekt\u00f6r\u00fcnde en \u00e7ok 4 GB USB Bellekler ve 8 GB USB Bellekler olarak tercih edilmektedir. Ancak sekt\u00f6rlere ve kullan\u0131m alanlar\u0131na g\u00f6re, anahtar \u015feklinde usb bellek, kartvizit \u015feklinde usb bellek veya y\u00fcksek kapasiteli usb bellek alternatifleri de bulunmaktad\u0131r.<\/p>\n","protected":false},"excerpt":{"rendered":"<p>Logo Bask\u0131l\u0131 Promosyon USB Bellek&#8217;ler \u015firketinizin ad\u0131n\u0131 tan\u0131tmaya veya marka bilinirli\u011fi olu\u015fturmaya yard\u0131mc\u0131 olmak i\u00e7in en \u00f6nemli promosyon \u00fcr\u00fcnlerinden bir<\/p>\n","protected":false},"featured_media":10483,"comment_status":"open","ping_status":"closed","template":"","meta":[],"product_cat":[69],"product_tag":[],"class_list":{"0":"post-10462","1":"product","2":"type-product","3":"status-publish","4":"has-post-thumbnail","6":"product_cat-usb-bellek","8":"first","9":"instock","10":"shipping-taxable","11":"purchasable","12":"product-type-variable"},"_links":{"self":[{"href":"https:\/\/goldpromosyon.com.tr\/index.php?rest_route=\/wp\/v2\/product\/10462","targetHints":{"allow":["GET"]}}],"collection":[{"href":"https:\/\/goldpromosyon.com.tr\/index.php?rest_route=\/wp\/v2\/product"}],"about":[{"href":"https:\/\/goldpromosyon.com.tr\/index.php?rest_route=\/wp\/v2\/types\/product"}],"replies":[{"embeddable":true,"href":"https:\/\/goldpromosyon.com.tr\/index.php?rest_route=%2Fwp%2Fv2%2Fcomments&post=10462"}],"version-history":[{"count":1,"href":"https:\/\/goldpromosyon.com.tr\/index.php?rest_route=\/wp\/v2\/product\/10462\/revisions"}],"predecessor-version":[{"id":10484,"href":"https:\/\/goldpromosyon.com.tr\/index.php?rest_route=\/wp\/v2\/product\/10462\/revisions\/10484"}],"wp:featuredmedia":[{"embeddable":true,"href":"https:\/\/goldpromosyon.com.tr\/index.php?rest_route=\/wp\/v2\/media\/10483"}],"wp:attachment":[{"href":"https:\/\/goldpromosyon.com.tr\/index.php?rest_route=%2Fwp%2Fv2%2Fmedia&parent=10462"}],"wp:term":[{"taxonomy":"product_cat","embeddable":true,"href":"https:\/\/goldpromosyon.com.tr\/index.php?rest_route=%2Fwp%2Fv2%2Fproduct_cat&post=10462"},{"taxonomy":"product_tag","embeddable":true,"href":"https:\/\/goldpromosyon.com.tr\/index.php?rest_route=%2Fwp%2Fv2%2Fproduct_tag&post=10462"}],"curies":[{"name":"wp","href":"https:\/\/api.w.org\/{rel}","templated":true}]}}