{"id":10430,"date":"2024-09-24T05:55:53","date_gmt":"2024-09-24T05:55:53","guid":{"rendered":"https:\/\/goldpromosyon.com.tr\/?post_type=product&#038;p=10430"},"modified":"2024-09-24T05:56:38","modified_gmt":"2024-09-24T05:56:38","slug":"10000-mah-kablosuz-sarj-ve-vantuz-ozellikli-powerbank","status":"publish","type":"product","link":"https:\/\/goldpromosyon.com.tr\/?product=10000-mah-kablosuz-sarj-ve-vantuz-ozellikli-powerbank","title":{"rendered":"10000 mAh Kablosuz \u015earj ve Vantuz \u00d6zellikli Powerbank"},"content":{"rendered":"<p>Powerbank, hareket halindeyken elektronik ayg\u0131tlar\u0131n\u0131z\u0131 \u015farj etmek i\u00e7in tasarlanm\u0131\u015f ta\u015f\u0131nabilir bir \u015farj cihaz\u0131d\u0131r. \u0130nce, cep boyutundaki cihazlardan daha b\u00fcy\u00fck, daha y\u00fcksek kapasiteli powerbanklere kadar de\u011fi\u015fen boyutlarda &#8211; cep telefonlar\u0131, tabletler, ta\u015f\u0131nabilir hoparl\u00f6rler, kameralar ve hatta diz\u00fcst\u00fc bilgisayarlar\u0131 \u015farj etmek i\u00e7in kullan\u0131labilir.<\/p>\n<p>Telefonlar\u0131m\u0131za ve tabletlerimize bu kadar ba\u011f\u0131ml\u0131 oldu\u011fumuz bir zamanda, pilinizin bitmesinden daha k\u00f6t\u00fc bir \u015fey yoktur. Bu nedenle, logo bask\u0131ya uygun promosyon powerbank yelpazemiz m\u00fckemmel bir promosyon \u00fcr\u00fcn\u00fc hediyesidir.<\/p>\n","protected":false},"excerpt":{"rendered":"<p>Powerbank, hareket halindeyken elektronik ayg\u0131tlar\u0131n\u0131z\u0131 \u015farj etmek i\u00e7in tasarlanm\u0131\u015f ta\u015f\u0131nabilir bir \u015farj cihaz\u0131d\u0131r. \u0130nce, cep boyutundaki cihazlardan daha b\u00fcy\u00fck, daha<\/p>\n","protected":false},"featured_media":10437,"comment_status":"open","ping_status":"closed","template":"","meta":[],"product_cat":[128],"product_tag":[],"class_list":{"0":"post-10430","1":"product","2":"type-product","3":"status-publish","4":"has-post-thumbnail","6":"product_cat-power-bank","8":"first","9":"instock","10":"shipping-taxable","11":"purchasable","12":"product-type-variable"},"_links":{"self":[{"href":"https:\/\/goldpromosyon.com.tr\/index.php?rest_route=\/wp\/v2\/product\/10430","targetHints":{"allow":["GET"]}}],"collection":[{"href":"https:\/\/goldpromosyon.com.tr\/index.php?rest_route=\/wp\/v2\/product"}],"about":[{"href":"https:\/\/goldpromosyon.com.tr\/index.php?rest_route=\/wp\/v2\/types\/product"}],"replies":[{"embeddable":true,"href":"https:\/\/goldpromosyon.com.tr\/index.php?rest_route=%2Fwp%2Fv2%2Fcomments&post=10430"}],"version-history":[{"count":1,"href":"https:\/\/goldpromosyon.com.tr\/index.php?rest_route=\/wp\/v2\/product\/10430\/revisions"}],"predecessor-version":[{"id":10438,"href":"https:\/\/goldpromosyon.com.tr\/index.php?rest_route=\/wp\/v2\/product\/10430\/revisions\/10438"}],"wp:featuredmedia":[{"embeddable":true,"href":"https:\/\/goldpromosyon.com.tr\/index.php?rest_route=\/wp\/v2\/media\/10437"}],"wp:attachment":[{"href":"https:\/\/goldpromosyon.com.tr\/index.php?rest_route=%2Fwp%2Fv2%2Fmedia&parent=10430"}],"wp:term":[{"taxonomy":"product_cat","embeddable":true,"href":"https:\/\/goldpromosyon.com.tr\/index.php?rest_route=%2Fwp%2Fv2%2Fproduct_cat&post=10430"},{"taxonomy":"product_tag","embeddable":true,"href":"https:\/\/goldpromosyon.com.tr\/index.php?rest_route=%2Fwp%2Fv2%2Fproduct_tag&post=10430"}],"curies":[{"name":"wp","href":"https:\/\/api.w.org\/{rel}","templated":true}]}}