{"id":10003,"date":"2024-09-11T11:11:32","date_gmt":"2024-09-11T11:11:32","guid":{"rendered":"https:\/\/goldpromosyon.com.tr\/?post_type=product&#038;p=10003"},"modified":"2024-09-25T06:22:05","modified_gmt":"2024-09-25T06:22:05","slug":"500-ml-geri-donusturulmus-paslanmaz-celik-termos-sise-cift-duvarli","status":"publish","type":"product","link":"https:\/\/goldpromosyon.com.tr\/?product=500-ml-geri-donusturulmus-paslanmaz-celik-termos-sise-cift-duvarli","title":{"rendered":"500 ml Geri D\u00f6n\u00fc\u015ft\u00fcr\u00fclm\u00fc\u015f Paslanmaz \u00c7elik Termos \u015ei\u015fe &#8211; \u00c7ift Duvarl\u0131"},"content":{"rendered":"","protected":false},"excerpt":{"rendered":"","protected":false},"featured_media":10810,"comment_status":"open","ping_status":"closed","template":"","meta":[],"product_cat":[90],"product_tag":[],"class_list":{"0":"post-10003","1":"product","2":"type-product","3":"status-publish","4":"has-post-thumbnail","6":"product_cat-termos","8":"first","9":"instock","10":"shipping-taxable","11":"purchasable","12":"product-type-variable"},"_links":{"self":[{"href":"https:\/\/goldpromosyon.com.tr\/index.php?rest_route=\/wp\/v2\/product\/10003","targetHints":{"allow":["GET"]}}],"collection":[{"href":"https:\/\/goldpromosyon.com.tr\/index.php?rest_route=\/wp\/v2\/product"}],"about":[{"href":"https:\/\/goldpromosyon.com.tr\/index.php?rest_route=\/wp\/v2\/types\/product"}],"replies":[{"embeddable":true,"href":"https:\/\/goldpromosyon.com.tr\/index.php?rest_route=%2Fwp%2Fv2%2Fcomments&post=10003"}],"version-history":[{"count":1,"href":"https:\/\/goldpromosyon.com.tr\/index.php?rest_route=\/wp\/v2\/product\/10003\/revisions"}],"predecessor-version":[{"id":10008,"href":"https:\/\/goldpromosyon.com.tr\/index.php?rest_route=\/wp\/v2\/product\/10003\/revisions\/10008"}],"wp:featuredmedia":[{"embeddable":true,"href":"https:\/\/goldpromosyon.com.tr\/index.php?rest_route=\/wp\/v2\/media\/10810"}],"wp:attachment":[{"href":"https:\/\/goldpromosyon.com.tr\/index.php?rest_route=%2Fwp%2Fv2%2Fmedia&parent=10003"}],"wp:term":[{"taxonomy":"product_cat","embeddable":true,"href":"https:\/\/goldpromosyon.com.tr\/index.php?rest_route=%2Fwp%2Fv2%2Fproduct_cat&post=10003"},{"taxonomy":"product_tag","embeddable":true,"href":"https:\/\/goldpromosyon.com.tr\/index.php?rest_route=%2Fwp%2Fv2%2Fproduct_tag&post=10003"}],"curies":[{"name":"wp","href":"https:\/\/api.w.org\/{rel}","templated":true}]}}